{"id":4026,"date":"2023-11-08T15:04:51","date_gmt":"2023-11-08T14:04:51","guid":{"rendered":"https:\/\/www.nicoletti.it\/?page_id=4026"},"modified":"2023-11-08T15:22:27","modified_gmt":"2023-11-08T14:22:27","slug":"privacy-policy-newsletter","status":"publish","type":"page","link":"https:\/\/www.nicoletti.it\/it\/privacy-policy-newsletter\/","title":{"rendered":"Privacy Policy Newsletter"},"content":{"rendered":"\t\t<div data-elementor-type=\"wp-page\" data-elementor-id=\"4026\" class=\"elementor elementor-4026\" data-elementor-settings=\"[]\">\n\t\t\t\t\t\t<div class=\"elementor-inner\">\n\t\t\t\t\t\t\t<div class=\"elementor-section-wrap\">\n\t\t\t\t\t\t\t<section class=\"elementor-section elementor-top-section elementor-element elementor-element-165a2f3d elementor-section-boxed elementor-section-height-default elementor-section-height-default\" data-id=\"165a2f3d\" data-element_type=\"section\">\n\t\t\t\t\t\t<div class=\"elementor-container elementor-column-gap-default\">\n\t\t\t\t\t\t\t<div class=\"elementor-row\">\n\t\t\t\t\t<div class=\"elementor-column elementor-col-100 elementor-top-column elementor-element elementor-element-5d2f651e\" data-id=\"5d2f651e\" data-element_type=\"column\">\n\t\t\t<div class=\"elementor-column-wrap elementor-element-populated\">\n\t\t\t\t\t\t\t<div class=\"elementor-widget-wrap\">\n\t\t\t\t\t\t<div class=\"elementor-element elementor-element-d0bdfa0 elementor-widget elementor-widget-heading\" data-id=\"d0bdfa0\" data-element_type=\"widget\" data-widget_type=\"heading.default\">\n\t\t\t\t<div class=\"elementor-widget-container\">\n\t\t\t<h1 class=\"elementor-heading-title elementor-size-default\">Newsletter Privacy Policy<\/h1>\t\t<\/div>\n\t\t\t\t<\/div>\n\t\t\t\t<div class=\"elementor-element elementor-element-691ff572 elementor-widget elementor-widget-text-editor\" data-id=\"691ff572\" data-element_type=\"widget\" data-widget_type=\"text-editor.default\">\n\t\t\t\t<div class=\"elementor-widget-container\">\n\t\t\t\t\t\t\t\t<div class=\"elementor-text-editor elementor-clearfix\">\n\t\t\t\t\t<p style=\"text-align: justify;\">\n<\/p><p style=\"text-align: justify;\">In questa pagina si descrivono le modalit\u00e0 di gestione del servizio di newsletter in riferimento al trattamento dei dati personali degli utenti che vi si iscrivono.<\/p>\n<p style=\"text-align: justify;\">L\u2019informativa \u00e8 resa ai sensi degli artt. 13 e 14 del GDPR 2016\/679 e della normativa nazionale vigente, a coloro che interagiscono in particolare con i servizi di newsletter informativa e divulgativa di Torneria Nicoletti S.r.l., accessibili per via telematica attraverso l\u2019indirizzo di posta elettronica&nbsp;<strong>news@nicoletti.it<\/strong>.<br><br><\/p>\n<p style=\"text-align: justify;\"><strong>Titolare del trattamento<\/strong><\/p>\n<p style=\"text-align: justify;\"><br>Il Titolare del Trattamento \u00e8 Torneria Nicoletti S.r.l., con sede in Via Rovigo, 7 \u2013 36070 Trissino (VI).<\/p>\n<p style=\"text-align: justify;\">\n<\/p><p style=\"text-align: justify;\"><strong><br>Responsabile della protezione dei dati (DPO o RPD)<\/strong><\/p>\n<p style=\"text-align: justify;\"><br>Il Titolare ha designato un Responsabile della protezione dei dati (DPO\/RPD) che Lei pu\u00f2 contattare per tutte le questioni relative al trattamento dei suoi dati personali e all\u2019esercizio dei diritti derivanti dal GDPR 2016\/679. I dati di contatto del DPO\/RPD sono i seguenti:&nbsp;<strong>privacy@nicoletti.it <\/strong><\/p>\n<p style=\"text-align: justify;\">\n<\/p><p style=\"text-align: justify;\"><strong><br>Finalit\u00e0 e base giuridica del trattamento<\/strong><\/p>\n<p style=\"text-align: justify;\"><br>La raccolta ed il trattamento dei dati personali sono effettuati al fine di condurre:<br><br><\/p>\n<ul style=\"text-align: justify;\">\n<li>\n<p>Su specifica richiesta dell\u2019Interessato, l\u2019invio della newsletter informativa avente ad oggetto comunicazioni di servizio e notizie sull\u2019azienda, i suoi prodotti e i suoi servizi (art. 6 par. 1 let. a) GDPR 2016\/679).<br><br><\/p>\n<\/li>\n<\/ul>\n<p style=\"text-align: justify;\">La raccolta e la registrazione dei dati avverranno per scopi determinati, espliciti e legittimi e con modalit\u00e0 compatibili con tali scopi, nell\u2019ambito del trattamento necessario per il funzionamento dell\u2019attivit\u00e0 di impresa. Tali dati saranno trattati secondo il principio di esattezza e, se necessario, opportunamente aggiornati, in modo che essi risultino sempre pertinenti, completi e non eccedenti rispetto alle finalit\u00e0 di raccolta e che la loro conservazione sia funzionale al periodo di tempo necessario allo scopo per il quale sono stati raccolti e successivamente trattati secondo il GDPR 2016\/679 e la normativa nazionale vigente.<br><br><\/p>\n<p style=\"text-align: justify;\">I dati personali possono essere trattati con l\u2019ausilio di strumenti sia cartacei che telematici e comunque in modo tale da garantirne la sicurezza e tutelare la massima riservatezza dell\u2019interessato.<br> <br>Specifiche misure di sicurezza sono osservate per prevenire la perdita dei dati, usi illeciti o non corretti ed accessi non autorizzati nel pieno rispetto dell\u2019art. 32 del GDPR 2016\/679 e della normativa nazionale vigente.<br><br><\/p>\n<p style=\"text-align: justify;\">\n<\/p><p style=\"text-align: justify;\"><b>Natura obbligatoria o facoltativa del conferimento dei dati e conseguenza di un eventuale rifiuto<br><br><\/b><\/p>\n<p style=\"text-align: justify;\">A parte quanto specificato per i dati di navigazione, l\u2019Interessato \u00e8 libero di fornire i dati personali riportati nei moduli di richiesta o comunque indicati in contatti per sollecitare l\u2019invio della newsletter. Il consenso \u00e8 facoltativo e, qualora conferito, esso \u00e8 revocabile in ogni tempo, senza pregiudizio per la liceit\u00e0 del trattamento basato sul consenso prestato prima della revoca.<\/p>\n<p style=\"text-align: justify;\">Il mancato conferimento pu\u00f2 comportare l\u2019impossibilit\u00e0 di ottenere quanto richiesto.<br><br><\/p>\n<p style=\"text-align: justify;\">\n<\/p><p style=\"text-align: justify;\"><strong>Comunicazione dei dati<br><br><\/strong><\/p>\n<p style=\"text-align: justify;\">Ferme restando le comunicazioni e diffusioni effettuate in esecuzione di obblighi di legge, tutti i dati raccolti ed elaborati potranno essere comunicati a:<br><br><\/p>\n<ul style=\"text-align: justify;\">\n<li>\n<p>Professionisti e consulenti, in particolare soggetti che forniscono servizi per la gestione del sistema informativo e delle reti di telecomunicazioni (compresa la posta elettronica);<\/p>\n<\/li>\n<li>\n<p>Soggetti che effettuano trattamenti per conto del Titolare in qualit\u00e0 di Responsabili ex art. 28 GDPR 2016\/679, quali, a titolo meramente esemplificativo e non esaustivo: soggetti che forniscono servizi per la gestione del sistema informativo e delle reti di telecomunicazioni (compresa la posta elettronica). L\u2019elenco completo ed aggiornato dei Responsabili \u00e8 conoscibile, agli aventi diritto, a mera richiesta presso la sede del Titolare<\/p>\n<\/li>\n<li>\n<p>Soggetti autorizzati ad accedere ai dati dalla normativa vigente e\/o ai quali di dati debbano essere comunicati in esecuzione di obblighi di legge.<br><br><\/p>\n<\/li>\n<\/ul>\n<p style=\"text-align: justify;\">\n<\/p><p style=\"text-align: justify;\">Ove espressamente indicato e accettato dall\u2019utente, i dati potrebbero essere condivisi con professionisti e consulenti che co-partecipano alla creazione di contenuti informativi, di promozione e di marketing.<br><br><\/p>\n<p>I dati personali potranno essere trattati dai dipendenti e collaboratori assegnati ai competenti uffici della Scrivente, esplicitamente autorizzati al trattamento il base a quanto stabilito dall\u2019art. 29 del GDPR 2016\/679 e dalla normativa nazionale vigente.<\/p>\n<p style=\"text-align: justify;\">\n<\/p><p style=\"text-align: justify;\">\n<\/p><p style=\"text-align: justify;\"><strong><br>Trasferimento dei dati all\u2019estero<br><br><\/strong><\/p>\n<p style=\"text-align: justify;\">I dati personali potranno essere comunicati e\/o trasmessi all\u2019estero solo per il perseguimento delle finalit\u00e0 di cui alla presente informativa, ovvero per motivi esclusivamente tecnici legati alla struttura del Sistema Informativo aziendale e\/o all\u2019applicazione di misure di sicurezza tecniche e organizzative ritenute idonee dal Titolare (art. 32 GDPR 2016\/679), ed esclusivamente nel rispetto degli artt. 44 s.s. del GDPR 2016\/679.<\/p>\n<p style=\"text-align: justify;\"><br><b>Tempi di conservazione dei dati<\/b><\/p>\n<p style=\"text-align: justify;\"><br>I dati forniti verranno conservati presso i nostri archivi secondo i seguenti parametri:<br><br><\/p>\n<p style=\"text-align: justify;\">Dati trattati per il servizio di newsletter: tempo strettamente necessario a conseguire gli scopi per cui sono stati raccolti o volontariamente comunicati dall\u2019utente, salvo in ogni caso la richiesta di cancellazione dal servizio effettuata dall\u2019Interessato.<\/p>\n<p style=\"text-align: justify;\"><br>In relazione agli specifici termini di prescrizione previsti dall\u2019ordinamento, potrebbero essere soggetti a tempi di conservazione pi\u00f9 lunghi i dati necessari per l\u2019accertamento, l\u2019esercizio o la difesa di un diritto in sede giudiziaria. La verifica sulla obsolescenza dei dati conservati in relazione alle finalit\u00e0 per cui sono stati raccolti viene effettuata periodicamente.<\/p>\n<p style=\"text-align: justify;\">\n<\/p><p style=\"text-align: justify;\"><strong><br>Diritti dell\u2019interessato<\/strong><\/p>\n<p style=\"text-align: justify;\"><br>Relativamente ai dati personali l\u2019interessato pu\u00f2 esercitare i diritti previsti nei limiti e alle condizioni previste dagli artt. dal 15 al 22 del GDPR 2016\/679 e dalla normativa nazionale vigente. In particolare, il GDPR attribuisce all\u2019Interessato:<br><br><\/p>\n<ul style=\"text-align: justify;\">\n<li>\n<p>Diritto di accesso (art. 15 GDPR 2016\/679);<\/p>\n<\/li>\n<li>\n<p>Diritto di rettifica dei dati personali inesatti e diritto di integrazione dei parti personali incompleti (art. 16 GDPR 2016\/679);<\/p>\n<\/li>\n<li>\n<p>Diritto alla cancellazione (art. 17 GDPR 2016\/679);<\/p>\n<\/li>\n<li>\n<p>Diritto di limitazione del trattamento (art. 18 GDPR 2016\/679);<\/p>\n<\/li>\n<li>\n<p>Diritto di richiedere i destinatari ai quali sono state comunicate le eventuali rettifiche o cancellazioni o limitazioni del trattamento (art. 19 GDPR 2016\/679);<\/p>\n<\/li>\n<li>\n<p>Diritto alla portabilit\u00e0 dei dati (art. 20 GDPR 2016\/679);<\/p>\n<\/li>\n<li>\n<p>Diritto di opposizione (art. 21 GDPR 2016\/679);<\/p>\n<\/li>\n<li>\n<p>Diritto di non essere sottoposto a una decisione basata unicamente sul trattamento automatizzato (art. 22 GDPR 2016\/679).<br><br><\/p>\n<\/li>\n<\/ul>\n<p style=\"text-align: justify;\">In caso di sottoscrizione di una qualsiasi forma di consenso al trattamento, si fa presente che l\u2019interessato pu\u00f2 revocarlo in qualsiasi momento, fatti salvi gli adempimenti obbligatori previsti dalla normativa vigente al momento della richiesta di revoca, contattando il Titolare del Trattamento al seguente indirizzo di posta elettronica:&nbsp;<u><a href=\"mailto:privacy@nicoletti.it\">privacy@nicoletti.it<br><br><\/a><\/u><\/p>\n<p style=\"text-align: justify;\">\n<\/p><p style=\"text-align: justify;\"><strong>Diritto di Reclamo<br><br><\/strong><\/p>\n<p style=\"text-align: justify;\">Qualora ritenesse che il trattamento dei Suoi dati personali, effettuato attraverso questo sito, avvenga in violazione di quanto previsto dal GDPR 2016\/679, Lei ha inoltre il diritto di proporre reclamo al Garante per la protezione dei dati personali, come previsto dall\u2019art. 77 del GDPR 2016\/679 stesso, o di adire le opportune sedi giudiziarie (art. 79 del GDPR 2016\/679).<br><br><\/p>\n<p style=\"text-align: justify;\">Per maggiori informazioni puoi contattare il Titolare del trattamento:<br><br><\/p>\n<p style=\"text-align: justify;\">Torneria Nicoletti S.r.l.<\/p>\n<p style=\"text-align: justify;\">Via Rovigo, 7 \u2013 36070 Trissino (VI)<\/p>\n<p style=\"text-align: justify;\"><br>Phone +39 0445 962104 &#8211; Fax +39 0445 490101<\/p>\n<p style=\"text-align: justify;\"><em><strong><br><\/strong><\/em>E-mail:<em><strong> <\/strong><\/em><strong>privacy@nicoletti.it<\/strong><\/p>\n<p style=\"text-align: justify;\">\n<\/p><p style=\"text-align: justify;\"><strong><br>Cancellazione del servizio<\/strong><\/p>\n<p style=\"text-align: justify;\"><br>Per non ricevere pi\u00f9 la newsletter \u00e8 possibile inviare una richiesta all\u2019indirizzo di posta elettronica&nbsp;<strong>news@nicoletti.it.<\/strong><\/p>\t\t\t\t\t<\/div>\n\t\t\t\t\t\t<\/div>\n\t\t\t\t<\/div>\n\t\t\t\t\t\t<\/div>\n\t\t\t\t\t<\/div>\n\t\t<\/div>\n\t\t\t\t\t\t\t\t<\/div>\n\t\t\t\t\t<\/div>\n\t\t<\/section>\n\t\t\t\t\t\t<\/div>\n\t\t\t\t\t\t<\/div>\n\t\t\t\t\t<\/div>\n\t\t","protected":false},"excerpt":{"rendered":"<p>Newsletter Privacy Policy In questa pagina si descrivono le modalit\u00e0 di gestione del servizio di newsletter in riferimento al trattamento dei dati personali degli utenti che vi si iscrivono. L\u2019informativa \u00e8 resa ai sensi degli artt. 13 e 14 del GDPR 2016\/679 e della normativa nazionale vigente, a coloro che interagiscono in particolare con i&hellip;<\/p>\n","protected":false},"author":1,"featured_media":0,"parent":0,"menu_order":0,"comment_status":"closed","ping_status":"closed","template":"elementor_header_footer","meta":{"wpupg_custom_link":[],"wpupg_custom_link_behaviour":["default"],"wpupg_custom_image":[],"wpupg_custom_image_id":[]},"acf":[],"aioseo_notices":[],"_links":{"self":[{"href":"https:\/\/www.nicoletti.it\/it\/wp-json\/wp\/v2\/pages\/4026"}],"collection":[{"href":"https:\/\/www.nicoletti.it\/it\/wp-json\/wp\/v2\/pages"}],"about":[{"href":"https:\/\/www.nicoletti.it\/it\/wp-json\/wp\/v2\/types\/page"}],"author":[{"embeddable":true,"href":"https:\/\/www.nicoletti.it\/it\/wp-json\/wp\/v2\/users\/1"}],"replies":[{"embeddable":true,"href":"https:\/\/www.nicoletti.it\/it\/wp-json\/wp\/v2\/comments?post=4026"}],"version-history":[{"count":8,"href":"https:\/\/www.nicoletti.it\/it\/wp-json\/wp\/v2\/pages\/4026\/revisions"}],"predecessor-version":[{"id":4034,"href":"https:\/\/www.nicoletti.it\/it\/wp-json\/wp\/v2\/pages\/4026\/revisions\/4034"}],"wp:attachment":[{"href":"https:\/\/www.nicoletti.it\/it\/wp-json\/wp\/v2\/media?parent=4026"}],"curies":[{"name":"wp","href":"https:\/\/api.w.org\/{rel}","templated":true}]}}