{"id":3170,"date":"2021-04-30T09:50:51","date_gmt":"2021-04-30T07:50:51","guid":{"rendered":"https:\/\/website048.italix.eu\/?page_id=3170"},"modified":"2021-04-30T09:55:12","modified_gmt":"2021-04-30T07:55:12","slug":"lavorazioni-meccaniche-ripresa-centro-lavoro-vicenza","status":"publish","type":"page","link":"https:\/\/www.nicoletti.it\/it\/lavorazioni-meccaniche-ripresa-centro-lavoro-vicenza\/","title":{"rendered":"Lavorazioni Meccaniche di Ripresa e Centro di Lavoro"},"content":{"rendered":"\t\t<div data-elementor-type=\"wp-page\" data-elementor-id=\"3170\" class=\"elementor elementor-3170\" data-elementor-settings=\"[]\">\n\t\t\t\t\t\t<div class=\"elementor-inner\">\n\t\t\t\t\t\t\t<div class=\"elementor-section-wrap\">\n\t\t\t\t\t\t\t<section class=\"elementor-section elementor-top-section elementor-element elementor-element-de4ffc0 elementor-section-full_width elementor-section-height-default elementor-section-height-default\" data-id=\"de4ffc0\" data-element_type=\"section\">\n\t\t\t\t\t\t<div class=\"elementor-container elementor-column-gap-default\">\n\t\t\t\t\t\t\t<div class=\"elementor-row\">\n\t\t\t\t\t<div class=\"elementor-column elementor-col-100 elementor-top-column elementor-element elementor-element-e248139\" data-id=\"e248139\" data-element_type=\"column\">\n\t\t\t<div class=\"elementor-column-wrap elementor-element-populated\">\n\t\t\t\t\t\t\t<div class=\"elementor-widget-wrap\">\n\t\t\t\t\t\t<div class=\"elementor-element elementor-element-8148eb8 elementor-widget elementor-widget-shortcode\" data-id=\"8148eb8\" data-element_type=\"widget\" data-widget_type=\"shortcode.default\">\n\t\t\t\t<div class=\"elementor-widget-container\">\n\t\t\t\t\t<div class=\"elementor-shortcode\">\n    <style>\n        div.tn-cover-wrapper {\n            width: 100%;\n            padding-bottom: 25%;\n            \/* 4:1 16:4 *\/\n            position: relative;\n            \/* background: blue; *\/\n        }\n\n        @media (max-width:480px) {\n            div.tn-cover-wrapper {\n                padding-bottom: 50%;\n                \/* 2:1 ? *\/\n            }\n\n            div.tn-cover-fg h1 {\n                padding-top: 5vw;\n                font-family: 'Playfair Display', serif;\n                font-size: 7.5vw;\n                line-height: 8.5vw;\n            }\n\n            div.tn-cover-fg h1.tn-border {\n                padding-bottom: 2.5vw;\n            }\n\n            div.tn-cover-fg h2 span {\n                padding-top: 2.3vw;\n\n                font-family: 'Playfair Display', serif;\n                font-size: 4.8vw;\n                line-height: 4.8vw;\n                \/* border-top:solid 1px black; *\/\n            }\n        }\n\n        @media (min-width:481px) and (max-width:1320px) {\n            div.tn-cover-wrapper {\n                padding-bottom: 50%;\n                \/* 2:1 ? *\/\n            }\n\n            div.tn-cover-fg {\n                padding-left: 8%;\n                padding-right: 8%;\n            }\n\n            div.tn-cover-fg h1 {\n                padding-top: 4vw;\n                padding-bottom: 1vw;\n                font-family: 'Playfair Display', serif;\n                font-size: 6vw;\n                line-height: 7vw;\n            }\n\n            div.tn-cover-fg h2 span {\n                display: inline-block;\n                padding-top: 1vw;\n                font-family: 'Playfair Display', serif;\n                font-size: 3.6vw;\n                line-height: 5.0vw;\n                \/* border-top:solid 1px black; *\/\n            }\n        }\n\n        @media (min-width:1321px) {\n            div.tn-cover-wrapper {\n                \/* padding-bottom:50%; *\/\n                \/* 2:1 ? *\/\n            }\n\n            div.tn-cover-fg {\n                max-width: 1280px;\n                \/* padding-left:8%;\n        padding-right:8%; *\/\n                margin: 0 auto;\n            }\n\n            div.tn-cover-fg h1 {\n                padding-top: 52.8px;\n                padding-bottom: 13.2px;\n                font-family: 'Playfair Display', serif;\n                font-size: 79.2px;\n                line-height: 92.4px;\n            }\n\n            div.tn-cover-fg h2 span {\n                display: inline-block;\n                padding-top: 13.2px;\n                font-family: 'Playfair Display', serif;\n                font-size: 47.52px;\n                line-height: 66px;\n                \/* border-top:solid 1px black; *\/\n            }\n\n        }\n\n        div.tn-cover-wrapper>div {\n            position: absolute;\n            top: 0;\n            bottom: 0;\n            left: 0;\n            right: 0;\n\n            color: white;\n            font-size: 24px;\n            text-align: center;\n        }\n\n        .tn-max-box-1320 {\n            max-width: 1320px;\n            margin: 0 auto;\n        }\n\n        .tn-cover-fg {\n            \/*    margin-top: 6vw; *\/\n        }\n\n        h1.tn-border {\n            width: 80%;\n            border-bottom: solid 1px #000;\n        }\n\n        h2.tn-no-border {\n            border-top: solid 0px #000;\n        }\n    <\/style>\n\n\n    <div style=\"\" class=\"tn-cover-wrapper tn-subtitle\">\n        <div style=\"background-size:cover;background-position:50% 50%;background-image:url('https:\/\/www.nicoletti.it\/wp-content\/uploads\/2021\/02\/torneria-nicoletti-cover-background-1824.jpg');\">\n\n            <!-- <div class=\"relative h-full\"> -->\n\n\n            <div style=\"position:relative;top:50%;transform: translateY(-50%);border:solid 0px green;height: 60%;\" class=\"tn-max-box-1320\">\n\n                <div class=\"flex tn-cover-fg h-full\">\n                    <div class=\"flex-none h-full w-1\/4 p-2 relative tn-cover-fg-left\" style=\"border:solid 0px red;text-align:center; \">\n\n                        <img decoding=\"async\" class=\"h-full absolute\" style=\"\" src=\"https:\/\/www.nicoletti.it\/wp-content\/uploads\/2021\/02\/torneria-nicoletti-logo.png\" \/>\n\n                    <\/div>\n                    <div class=\"flex-1 h-full tn-cover-fg-right\" style=\"border:solid 0px blue;\">\n\n                        <h1 style=\"font-family:'Playfair Display',serif;color:black;display:inline-block;width:85%;\" class=\"tn-border\"><img decoding=\"async\" src=\"https:\/\/www.nicoletti.it\/wp-content\/uploads\/2021\/05\/torneria-nicoletti-transp-1920.png\" \/><\/h1>\n\n                        <h2 style=\"color:black;text-align:center;\" class=\"tn-no-border\"><span style=\"display:block;\">meccanica di precisione<\/span><\/h2>\n\n                    <\/div>\n                <\/div>\n\n            <\/div>\n\n\n            <!-- <\/div> -->\n\n        <\/div>\n    <\/div>\n\n\n\n\n\n<\/div>\n\t\t\t\t<\/div>\n\t\t\t\t<\/div>\n\t\t\t\t<div class=\"elementor-element elementor-element-dbab6a2 elementor-widget elementor-widget-spacer\" data-id=\"dbab6a2\" data-element_type=\"widget\" data-widget_type=\"spacer.default\">\n\t\t\t\t<div class=\"elementor-widget-container\">\n\t\t\t\t\t<div class=\"elementor-spacer\">\n\t\t\t<div class=\"elementor-spacer-inner\"><\/div>\n\t\t<\/div>\n\t\t\t\t<\/div>\n\t\t\t\t<\/div>\n\t\t\t\t\t\t<\/div>\n\t\t\t\t\t<\/div>\n\t\t<\/div>\n\t\t\t\t\t\t\t\t<\/div>\n\t\t\t\t\t<\/div>\n\t\t<\/section>\n\t\t\t\t<section class=\"elementor-section elementor-top-section elementor-element elementor-element-d848934 elementor-section-full_width ix-hide elementor-section-height-default elementor-section-height-default\" data-id=\"d848934\" data-element_type=\"section\">\n\t\t\t\t\t\t<div class=\"elementor-container elementor-column-gap-default\">\n\t\t\t\t\t\t\t<div class=\"elementor-row\">\n\t\t\t\t\t<div class=\"elementor-column elementor-col-100 elementor-top-column elementor-element elementor-element-64d598a\" data-id=\"64d598a\" data-element_type=\"column\">\n\t\t\t<div class=\"elementor-column-wrap elementor-element-populated\">\n\t\t\t\t\t\t\t<div class=\"elementor-widget-wrap\">\n\t\t\t\t\t\t<div class=\"elementor-element elementor-element-4c5fdb8 elementor-widget elementor-widget-wp-widget-custom_html\" data-id=\"4c5fdb8\" data-element_type=\"widget\" data-widget_type=\"wp-widget-custom_html.default\">\n\t\t\t\t<div class=\"elementor-widget-container\">\n\t\t\t<div class=\"textwidget custom-html-widget\"><img decoding=\"async\" src=\"https:\/\/www.nicoletti.it\/wp-content\/uploads\/2021\/02\/nicoletti-azienda-2560.jpg\" width=\"100%\" \/><\/div>\t\t<\/div>\n\t\t\t\t<\/div>\n\t\t\t\t\t\t<\/div>\n\t\t\t\t\t<\/div>\n\t\t<\/div>\n\t\t\t\t\t\t\t\t<\/div>\n\t\t\t\t\t<\/div>\n\t\t<\/section>\n\t\t\t\t<section class=\"elementor-section elementor-top-section elementor-element elementor-element-b89667e elementor-section-boxed elementor-section-height-default elementor-section-height-default\" data-id=\"b89667e\" data-element_type=\"section\">\n\t\t\t\t\t\t<div class=\"elementor-container elementor-column-gap-default\">\n\t\t\t\t\t\t\t<div class=\"elementor-row\">\n\t\t\t\t\t<div class=\"elementor-column elementor-col-100 elementor-top-column elementor-element elementor-element-0d06d03\" data-id=\"0d06d03\" data-element_type=\"column\">\n\t\t\t<div class=\"elementor-column-wrap elementor-element-populated\">\n\t\t\t\t\t\t\t<div class=\"elementor-widget-wrap\">\n\t\t\t\t\t\t<div class=\"elementor-element elementor-element-385b400 elementor-widget elementor-widget-text-editor\" data-id=\"385b400\" data-element_type=\"widget\" data-widget_type=\"text-editor.default\">\n\t\t\t\t<div class=\"elementor-widget-container\">\n\t\t\t\t\t\t\t\t<div class=\"elementor-text-editor elementor-clearfix\">\n\t\t\t\t\t<h1 style=\"font-size: 40px;\">LAVORAZIONI MECCANICHE DI RIPRESA E DA CENTRO DI LAVORO<\/h1>\t\t\t\t\t<\/div>\n\t\t\t\t\t\t<\/div>\n\t\t\t\t<\/div>\n\t\t\t\t<div class=\"elementor-element elementor-element-702bb42 elementor-widget elementor-widget-spacer\" data-id=\"702bb42\" data-element_type=\"widget\" data-widget_type=\"spacer.default\">\n\t\t\t\t<div class=\"elementor-widget-container\">\n\t\t\t\t\t<div class=\"elementor-spacer\">\n\t\t\t<div class=\"elementor-spacer-inner\"><\/div>\n\t\t<\/div>\n\t\t\t\t<\/div>\n\t\t\t\t<\/div>\n\t\t\t\t<div class=\"elementor-element elementor-element-4f2d87f elementor-widget elementor-widget-text-editor\" data-id=\"4f2d87f\" data-element_type=\"widget\" data-widget_type=\"text-editor.default\">\n\t\t\t\t<div class=\"elementor-widget-container\">\n\t\t\t\t\t\t\t\t<div class=\"elementor-text-editor elementor-clearfix\">\n\t\t\t\t\t<h2 style=\"font-size: 35px;\">Lavorazioni Meccaniche di Ripresa a Vicenza<\/h2>\t\t\t\t\t<\/div>\n\t\t\t\t\t\t<\/div>\n\t\t\t\t<\/div>\n\t\t\t\t<div class=\"elementor-element elementor-element-bde774f elementor-widget elementor-widget-text-editor\" data-id=\"bde774f\" data-element_type=\"widget\" data-widget_type=\"text-editor.default\">\n\t\t\t\t<div class=\"elementor-widget-container\">\n\t\t\t\t\t\t\t\t<div class=\"elementor-text-editor elementor-clearfix\">\n\t\t\t\t\t<div class=\"my-8\"><p>La Torneria Nicoletti esegue <strong>lavorazioni meccaniche di ripresa a Vicenza<\/strong> con la massima precisione per garantire la massima sicurezza nelle lavorazioni successive. Le lavorazioni di ripresa vanno effettuate con grande precisione perch\u00e9 costituiscono una parte fondamentale per una efficiente integrazione con il resto dei processi.<\/p><p>\u00a0<\/p><p>Le nostre <strong>lavorazioni meccaniche di ripresa a Vicenza<\/strong> sono caratterizzate da precisione e organizzazione. Grazie a questo siamo in grado di rispondere in modo rapido e preciso alle richieste dei nostri clienti. Assicuriamo cos\u00ec il rispetto delle vostre specifiche e dei vostri programmi. Le nostre lavorazioni includono lavori di: fresatura, foratura, tornitura e maschiatura. La Torneria Nicoletti \u00e8 in grado di gestire in sicurezza anche lavorazioni caratterizzate da bassissime tolleranze, elevate criticit\u00e0 termiche e di materiale, marcate difficolt\u00e0 di centratura e posizionamento.<\/p><\/div>\t\t\t\t\t<\/div>\n\t\t\t\t\t\t<\/div>\n\t\t\t\t<\/div>\n\t\t\t\t\t\t<\/div>\n\t\t\t\t\t<\/div>\n\t\t<\/div>\n\t\t\t\t\t\t\t\t<\/div>\n\t\t\t\t\t<\/div>\n\t\t<\/section>\n\t\t\t\t<section class=\"elementor-section elementor-top-section elementor-element elementor-element-ec86b96 elementor-section-boxed elementor-section-height-default elementor-section-height-default\" data-id=\"ec86b96\" data-element_type=\"section\">\n\t\t\t\t\t\t<div class=\"elementor-container elementor-column-gap-default\">\n\t\t\t\t\t\t\t<div class=\"elementor-row\">\n\t\t\t\t\t<div class=\"elementor-column elementor-col-100 elementor-top-column elementor-element elementor-element-7e92fbe\" data-id=\"7e92fbe\" data-element_type=\"column\">\n\t\t\t<div class=\"elementor-column-wrap elementor-element-populated\">\n\t\t\t\t\t\t\t<div class=\"elementor-widget-wrap\">\n\t\t\t\t\t\t<div class=\"elementor-element elementor-element-aca1e11 elementor-widget elementor-widget-spacer\" data-id=\"aca1e11\" data-element_type=\"widget\" data-widget_type=\"spacer.default\">\n\t\t\t\t<div class=\"elementor-widget-container\">\n\t\t\t\t\t<div class=\"elementor-spacer\">\n\t\t\t<div class=\"elementor-spacer-inner\"><\/div>\n\t\t<\/div>\n\t\t\t\t<\/div>\n\t\t\t\t<\/div>\n\t\t\t\t<div class=\"elementor-element elementor-element-9de2d92 elementor-widget elementor-widget-text-editor\" data-id=\"9de2d92\" data-element_type=\"widget\" data-widget_type=\"text-editor.default\">\n\t\t\t\t<div class=\"elementor-widget-container\">\n\t\t\t\t\t\t\t\t<div class=\"elementor-text-editor elementor-clearfix\">\n\t\t\t\t\t<h2 style=\"font-size: 35px;\">Lavorazioni da Centro di Lavoro a Vicenza<\/h2>\t\t\t\t\t<\/div>\n\t\t\t\t\t\t<\/div>\n\t\t\t\t<\/div>\n\t\t\t\t<div class=\"elementor-element elementor-element-846b18d elementor-widget elementor-widget-text-editor\" data-id=\"846b18d\" data-element_type=\"widget\" data-widget_type=\"text-editor.default\">\n\t\t\t\t<div class=\"elementor-widget-container\">\n\t\t\t\t\t\t\t\t<div class=\"elementor-text-editor elementor-clearfix\">\n\t\t\t\t\t<div class=\"my-8\"><p>Grazie alle nostre<strong> lavorazioni da centro di lavoro a Vicenza<\/strong> siamo in grado di realizzare molteplici operazioni meccaniche in serie con la massima precisione. La peculiarit\u00e0 di utilizzare una macchina centro di lavoro dotata di controllo numerico \u00e8 quella di poter eseguire pi\u00f9 operazioni meccaniche come ad esempio fresatura e tornitura tramite l&#8217;asportazione di materiale da un pezzo grezzo tramite l&#8217;aiuto di un utensile.<\/p><p>\u00a0<\/p><p>Il controllo numerico \u00e8 una tecnologia elettronico informatica che permette di eseguire e controllare fin nei minimi dettagli una lavorazione meccanica. Grazie a tale tecnologia \u00e8 possibile gestire complesse operazioni e programmarle in modo impeccabile. La Torneria Nicoletti utilizza le ultime tecnologie disponibili per le <strong>lavorazioni da centro di lavoro a Vicenza<\/strong> per garantire lavori impeccabili, rapidi e affidabili.<\/p><\/div>\t\t\t\t\t<\/div>\n\t\t\t\t\t\t<\/div>\n\t\t\t\t<\/div>\n\t\t\t\t\t\t<\/div>\n\t\t\t\t\t<\/div>\n\t\t<\/div>\n\t\t\t\t\t\t\t\t<\/div>\n\t\t\t\t\t<\/div>\n\t\t<\/section>\n\t\t\t\t<section class=\"elementor-section elementor-top-section elementor-element elementor-element-3bd3e25 elementor-section-boxed elementor-section-height-default elementor-section-height-default\" data-id=\"3bd3e25\" data-element_type=\"section\" id=\"ix-azienda-double-box-container\">\n\t\t\t\t\t\t<div class=\"elementor-container elementor-column-gap-default\">\n\t\t\t\t\t\t\t<div class=\"elementor-row\">\n\t\t\t\t\t<div class=\"elementor-column elementor-col-100 elementor-top-column elementor-element elementor-element-13ec5ab\" data-id=\"13ec5ab\" data-element_type=\"column\">\n\t\t\t<div class=\"elementor-column-wrap elementor-element-populated\">\n\t\t\t\t\t\t\t<div class=\"elementor-widget-wrap\">\n\t\t\t\t\t\t<section class=\"elementor-section elementor-inner-section elementor-element elementor-element-01f5fec elementor-section-boxed elementor-section-height-default elementor-section-height-default\" data-id=\"01f5fec\" data-element_type=\"section\">\n\t\t\t\t\t\t<div class=\"elementor-container elementor-column-gap-extended\">\n\t\t\t\t\t\t\t<div class=\"elementor-row\">\n\t\t\t\t\t<div class=\"elementor-column elementor-col-50 elementor-inner-column elementor-element elementor-element-0c2aaa3\" data-id=\"0c2aaa3\" data-element_type=\"column\">\n\t\t\t<div class=\"elementor-column-wrap elementor-element-populated\">\n\t\t\t\t\t\t\t<div class=\"elementor-widget-wrap\">\n\t\t\t\t\t\t<div class=\"elementor-element elementor-element-f81d70f elementor-widget elementor-widget-image\" data-id=\"f81d70f\" data-element_type=\"widget\" data-widget_type=\"image.default\">\n\t\t\t\t<div class=\"elementor-widget-container\">\n\t\t\t\t\t\t\t\t<div class=\"elementor-image\">\n\t\t\t\t\t\t\t\t\t\t\t\t<img width=\"830\" height=\"382\" src=\"https:\/\/www.nicoletti.it\/wp-content\/uploads\/2021\/02\/certificazioni-macchinari-cover-ver1-1024x471.jpg\" class=\"attachment-large size-large\" alt=\"\" decoding=\"async\" loading=\"lazy\" srcset=\"https:\/\/www.nicoletti.it\/wp-content\/uploads\/2021\/02\/certificazioni-macchinari-cover-ver1-1024x471.jpg 1024w, https:\/\/www.nicoletti.it\/wp-content\/uploads\/2021\/02\/certificazioni-macchinari-cover-ver1-300x138.jpg 300w, https:\/\/www.nicoletti.it\/wp-content\/uploads\/2021\/02\/certificazioni-macchinari-cover-ver1-768x353.jpg 768w, https:\/\/www.nicoletti.it\/wp-content\/uploads\/2021\/02\/certificazioni-macchinari-cover-ver1-1536x707.jpg 1536w, https:\/\/www.nicoletti.it\/wp-content\/uploads\/2021\/02\/certificazioni-macchinari-cover-ver1-2048x942.jpg 2048w, https:\/\/www.nicoletti.it\/wp-content\/uploads\/2021\/02\/certificazioni-macchinari-cover-ver1-1920x883.jpg 1920w, https:\/\/www.nicoletti.it\/wp-content\/uploads\/2021\/02\/certificazioni-macchinari-cover-ver1-850x391.jpg 850w\" sizes=\"(max-width: 830px) 100vw, 830px\" \/>\t\t\t\t\t\t\t\t\t\t\t\t\t\t<\/div>\n\t\t\t\t\t\t<\/div>\n\t\t\t\t<\/div>\n\t\t\t\t<div class=\"elementor-element elementor-element-181ac62 elementor-widget elementor-widget-text-editor\" data-id=\"181ac62\" data-element_type=\"widget\" data-widget_type=\"text-editor.default\">\n\t\t\t\t<div class=\"elementor-widget-container\">\n\t\t\t\t\t\t\t\t<div class=\"elementor-text-editor elementor-clearfix\">\n\t\t\t\t\t<div class=\"ix-azienda-double-box-description\"><h2>Certificazioni ISO<\/h2><p>L\u2019assicurazione e il controllo dei sistemi integrati (qualit\u00e0, sicurezza, ambiente) \u00e8 per Noi fondamentale come lo \u00e8 per i nostri clienti e partner di mercato. Questo approccio garantisce una percentuale di difettosit\u00e0 \u201crendente a zero\u201d. Gli obiettivi di sicurezza vengono raggiunti ogni anno grazie ad un efficace risk-assessment.<\/p><p><a>leggi di pi\u00f9 &gt;<\/a><\/p><\/div>\t\t\t\t\t<\/div>\n\t\t\t\t\t\t<\/div>\n\t\t\t\t<\/div>\n\t\t\t\t\t\t<\/div>\n\t\t\t\t\t<\/div>\n\t\t<\/div>\n\t\t\t\t<div class=\"elementor-column elementor-col-50 elementor-inner-column elementor-element elementor-element-896e212\" data-id=\"896e212\" data-element_type=\"column\">\n\t\t\t<div class=\"elementor-column-wrap elementor-element-populated\">\n\t\t\t\t\t\t\t<div class=\"elementor-widget-wrap\">\n\t\t\t\t\t\t<div class=\"elementor-element elementor-element-75e42bc elementor-widget elementor-widget-image\" data-id=\"75e42bc\" data-element_type=\"widget\" data-widget_type=\"image.default\">\n\t\t\t\t<div class=\"elementor-widget-container\">\n\t\t\t\t\t\t\t\t<div class=\"elementor-image\">\n\t\t\t\t\t\t\t\t\t\t\t\t<img width=\"830\" height=\"382\" src=\"https:\/\/www.nicoletti.it\/wp-content\/uploads\/2021\/02\/certificazioni-macchinari-cover-ver3-5-1024x471.jpg\" class=\"attachment-large size-large\" alt=\"\" decoding=\"async\" loading=\"lazy\" srcset=\"https:\/\/www.nicoletti.it\/wp-content\/uploads\/2021\/02\/certificazioni-macchinari-cover-ver3-5-1024x471.jpg 1024w, https:\/\/www.nicoletti.it\/wp-content\/uploads\/2021\/02\/certificazioni-macchinari-cover-ver3-5-300x138.jpg 300w, https:\/\/www.nicoletti.it\/wp-content\/uploads\/2021\/02\/certificazioni-macchinari-cover-ver3-5-768x353.jpg 768w, https:\/\/www.nicoletti.it\/wp-content\/uploads\/2021\/02\/certificazioni-macchinari-cover-ver3-5-1536x707.jpg 1536w, https:\/\/www.nicoletti.it\/wp-content\/uploads\/2021\/02\/certificazioni-macchinari-cover-ver3-5-2048x942.jpg 2048w, https:\/\/www.nicoletti.it\/wp-content\/uploads\/2021\/02\/certificazioni-macchinari-cover-ver3-5-1920x883.jpg 1920w, https:\/\/www.nicoletti.it\/wp-content\/uploads\/2021\/02\/certificazioni-macchinari-cover-ver3-5-850x391.jpg 850w\" sizes=\"(max-width: 830px) 100vw, 830px\" \/>\t\t\t\t\t\t\t\t\t\t\t\t\t\t<\/div>\n\t\t\t\t\t\t<\/div>\n\t\t\t\t<\/div>\n\t\t\t\t<div class=\"elementor-element elementor-element-9454633 elementor-widget elementor-widget-text-editor\" data-id=\"9454633\" data-element_type=\"widget\" data-widget_type=\"text-editor.default\">\n\t\t\t\t<div class=\"elementor-widget-container\">\n\t\t\t\t\t\t\t\t<div class=\"elementor-text-editor elementor-clearfix\">\n\t\t\t\t\t<div class=\"ix-azienda-double-box-description\"><h2>Macchinari Di Produzione<\/h2><p>Torneria Nicoletti, per la realizzazione dei componenti torniti, ha a disposizione oltre 60 torni con i quali \u00e8 in grado di realizzare pi\u00f9 di 50 milioni di pezzi torniti all\u2019anno.<\/p><p><a>leggi di pi\u00f9 &gt;<\/a><\/p><\/div>\t\t\t\t\t<\/div>\n\t\t\t\t\t\t<\/div>\n\t\t\t\t<\/div>\n\t\t\t\t\t\t<\/div>\n\t\t\t\t\t<\/div>\n\t\t<\/div>\n\t\t\t\t\t\t\t\t<\/div>\n\t\t\t\t\t<\/div>\n\t\t<\/section>\n\t\t\t\t\t\t<\/div>\n\t\t\t\t\t<\/div>\n\t\t<\/div>\n\t\t\t\t\t\t\t\t<\/div>\n\t\t\t\t\t<\/div>\n\t\t<\/section>\n\t\t\t\t<section class=\"elementor-section elementor-top-section elementor-element elementor-element-b45f52c elementor-section-height-min-height ix-azienda-1st-img elementor-section-boxed elementor-section-height-default elementor-section-items-middle\" data-id=\"b45f52c\" data-element_type=\"section\" data-settings=\"{&quot;background_background&quot;:&quot;classic&quot;}\">\n\t\t\t\t\t\t<div class=\"elementor-container elementor-column-gap-default\">\n\t\t\t\t\t\t\t<div class=\"elementor-row\">\n\t\t\t\t\t<div class=\"elementor-column elementor-col-50 elementor-top-column elementor-element elementor-element-4b0c811\" data-id=\"4b0c811\" data-element_type=\"column\">\n\t\t\t<div class=\"elementor-column-wrap\">\n\t\t\t\t\t\t\t<div class=\"elementor-widget-wrap\">\n\t\t\t\t\t\t\t\t<\/div>\n\t\t\t\t\t<\/div>\n\t\t<\/div>\n\t\t\t\t<div class=\"elementor-column elementor-col-50 elementor-top-column elementor-element elementor-element-d6eb97d\" data-id=\"d6eb97d\" data-element_type=\"column\">\n\t\t\t<div class=\"elementor-column-wrap elementor-element-populated\">\n\t\t\t\t\t\t\t<div class=\"elementor-widget-wrap\">\n\t\t\t\t\t\t<div class=\"elementor-element elementor-element-88ff290 elementor-widget elementor-widget-text-editor\" data-id=\"88ff290\" data-element_type=\"widget\" data-widget_type=\"text-editor.default\">\n\t\t\t\t<div class=\"elementor-widget-container\">\n\t\t\t\t\t\t\t\t<div class=\"elementor-text-editor elementor-clearfix\">\n\t\t\t\t\t<div class=\"ix-azienda-intro\">\n<h2>Torneria Nicoletti:<br>\nleader del settore dal 1967<\/h2>\n<div>\n\n<span>Torneria Nicoletti<\/span>, con 7 reparti di produzione, realizza pi\u00f9 di 40 milioni di pezzi all\u2019anno grazie alla costituzione di un team dedicato alla <span>ricerca e sviluppo di tecnologie di produzione innovative.<\/span>\n<div><\/div>\n<\/div>\n<\/div>\t\t\t\t\t<\/div>\n\t\t\t\t\t\t<\/div>\n\t\t\t\t<\/div>\n\t\t\t\t\t\t<\/div>\n\t\t\t\t\t<\/div>\n\t\t<\/div>\n\t\t\t\t\t\t\t\t<\/div>\n\t\t\t\t\t<\/div>\n\t\t<\/section>\n\t\t\t\t<section class=\"elementor-section elementor-top-section elementor-element elementor-element-1cbcee9 elementor-section-boxed elementor-section-height-default elementor-section-height-default\" data-id=\"1cbcee9\" data-element_type=\"section\">\n\t\t\t\t\t\t<div class=\"elementor-container elementor-column-gap-default\">\n\t\t\t\t\t\t\t<div class=\"elementor-row\">\n\t\t\t\t\t<div class=\"elementor-column elementor-col-100 elementor-top-column elementor-element elementor-element-10ecca2\" data-id=\"10ecca2\" data-element_type=\"column\">\n\t\t\t<div class=\"elementor-column-wrap\">\n\t\t\t\t\t\t\t<div class=\"elementor-widget-wrap\">\n\t\t\t\t\t\t\t\t<\/div>\n\t\t\t\t\t<\/div>\n\t\t<\/div>\n\t\t\t\t\t\t\t\t<\/div>\n\t\t\t\t\t<\/div>\n\t\t<\/section>\n\t\t\t\t\t\t<\/div>\n\t\t\t\t\t\t<\/div>\n\t\t\t\t\t<\/div>\n\t\t","protected":false},"excerpt":{"rendered":"<p>LAVORAZIONI MECCANICHE DI RIPRESA E DA CENTRO DI LAVORO Lavorazioni Meccaniche di Ripresa a Vicenza La Torneria Nicoletti esegue lavorazioni meccaniche di ripresa a Vicenza con la massima precisione per garantire la massima sicurezza nelle lavorazioni successive. Le lavorazioni di ripresa vanno effettuate con grande precisione perch\u00e9 costituiscono una parte fondamentale per una efficiente integrazione&hellip;<\/p>\n","protected":false},"author":2,"featured_media":0,"parent":0,"menu_order":0,"comment_status":"closed","ping_status":"closed","template":"elementor_header_footer","meta":{"wpupg_custom_link":[],"wpupg_custom_link_behaviour":["default"],"wpupg_custom_image":[],"wpupg_custom_image_id":[]},"acf":[],"aioseo_notices":[],"_links":{"self":[{"href":"https:\/\/www.nicoletti.it\/it\/wp-json\/wp\/v2\/pages\/3170"}],"collection":[{"href":"https:\/\/www.nicoletti.it\/it\/wp-json\/wp\/v2\/pages"}],"about":[{"href":"https:\/\/www.nicoletti.it\/it\/wp-json\/wp\/v2\/types\/page"}],"author":[{"embeddable":true,"href":"https:\/\/www.nicoletti.it\/it\/wp-json\/wp\/v2\/users\/2"}],"replies":[{"embeddable":true,"href":"https:\/\/www.nicoletti.it\/it\/wp-json\/wp\/v2\/comments?post=3170"}],"version-history":[{"count":5,"href":"https:\/\/www.nicoletti.it\/it\/wp-json\/wp\/v2\/pages\/3170\/revisions"}],"predecessor-version":[{"id":3175,"href":"https:\/\/www.nicoletti.it\/it\/wp-json\/wp\/v2\/pages\/3170\/revisions\/3175"}],"wp:attachment":[{"href":"https:\/\/www.nicoletti.it\/it\/wp-json\/wp\/v2\/media?parent=3170"}],"curies":[{"name":"wp","href":"https:\/\/api.w.org\/{rel}","templated":true}]}}